{"id":56,"date":"2025-06-10T17:19:45","date_gmt":"2025-06-10T15:19:45","guid":{"rendered":"https:\/\/ingeniuscuba.com\/?page_id=56"},"modified":"2025-06-11T15:35:35","modified_gmt":"2025-06-11T13:35:35","slug":"terminos-y-condiciones","status":"publish","type":"page","link":"https:\/\/ingeniuscuba.com\/?page_id=56&lang=es","title":{"rendered":"T\u00e9rminos y Condiciones"},"content":{"rendered":"\n<p><strong>\u00daltima actualizaci\u00f3n:<\/strong>&nbsp;1 mayo de 2025<\/p>\n\n\n\n<p><strong>1. Aceptaci\u00f3n de los T\u00e9rminos<\/strong><\/p>\n\n\n\n<p>Al acceder y utilizar el sitio web&nbsp;<strong>www.ingeniusoftware.com<\/strong>, usted acepta cumplir con estos T\u00e9rminos y Condiciones. Si no est\u00e1 de acuerdo, abst\u00e9ngase de usar el Sitio.<\/p>\n\n\n\n<p><strong>2. Propiedad Intelectual<\/strong><\/p>\n\n\n\n<ul class=\"wp-block-list\">\n<li>Todo el contenido (textos, im\u00e1genes, c\u00f3digo, logotipos) es propiedad exclusiva de\u00a0<strong>INGENIUS SOFTWARE<\/strong>\u00a0y est\u00e1 protegido por leyes de derechos de autor y marcas registradas.<\/li>\n\n\n\n<li>Queda prohibida su reproducci\u00f3n sin autorizaci\u00f3n escrita.<\/li>\n<\/ul>\n\n\n\n<p><strong>3. Uso del Sitio<\/strong><\/p>\n\n\n\n<ul class=\"wp-block-list\">\n<li>Usted se compromete a:\n<ul class=\"wp-block-list\">\n<li>No utilizar el Sitio para actividades ilegales o fraudulentas.<\/li>\n\n\n\n<li>No da\u00f1ar, descompilar o realizar ingenier\u00eda inversa de nuestro software.<\/li>\n\n\n\n<li>No enviar contenido malicioso (virus, spam).<\/li>\n<\/ul>\n<\/li>\n<\/ul>\n\n\n\n<p><strong>4. Servicios de Desarrollo de Software<\/strong><\/p>\n\n\n\n<ul class=\"wp-block-list\">\n<li>Los servicios de desarrollo de software que se describen en la p\u00e1gina se regir\u00e1n por contratos que detallar\u00e1n alcance, plazos y pagos.<\/li>\n<\/ul>\n\n\n\n<p><strong>5. Limitaci\u00f3n de Responsabilidad<\/strong><\/p>\n\n\n\n<ul class=\"wp-block-list\">\n<li><strong>INGENIUS SOFTWARE<\/strong>\u00a0no garantiza la disponibilidad ininterrumpida del Sitio.<\/li>\n\n\n\n<li>No nos hacemos responsables de da\u00f1os indirectos (p\u00e9rdida de datos, lucro cesante) derivados del uso del Sitio.<\/li>\n<\/ul>\n\n\n\n<p><strong>6. Enlaces a Terceros<\/strong><\/p>\n\n\n\n<ul class=\"wp-block-list\">\n<li>El Sitio puede contener enlaces a sitios externos. No supervisamos su contenido y no asumimos responsabilidad por ellos.<\/li>\n<\/ul>\n\n\n\n<p><strong>7. Modificaciones<\/strong><\/p>\n\n\n\n<p>Nos reservamos el derecho de actualizar estos T\u00e9rminos. Los cambios entrar\u00e1n en vigor al publicarse en el Sitio.<\/p>\n\n\n\n<p><strong>8. Ley Aplicable<\/strong><\/p>\n\n\n\n<p>Estos T\u00e9rminos se rigen por las leyes de&nbsp;Cuba&nbsp;y cualquier disputa se resolver\u00e1 en los tribunales de&nbsp;La Habana.<\/p>\n\n\n\n<p><strong>Contacto:<\/strong>&nbsp;<a href=\"mailto:mercado@ingeniuscuba.com\">mercado@ingeniuscuba.com&nbsp;<\/a><\/p>\n","protected":false},"excerpt":{"rendered":"<p>\u00daltima actualizaci\u00f3n:&nbsp;1 mayo de 2025 1. Aceptaci\u00f3n de los T\u00e9rminos Al acceder y utilizar el sitio web&nbsp;www.ingeniusoftware.com, usted acepta cumplir con estos T\u00e9rminos y Condiciones. Si no est\u00e1 de acuerdo, abst\u00e9ngase de usar el Sitio. 2. Propiedad Intelectual 3. Uso del Sitio 4. Servicios de Desarrollo de Software 5. Limitaci\u00f3n de Responsabilidad 6. Enlaces a [&hellip;]<\/p>\n","protected":false},"author":1,"featured_media":0,"parent":0,"menu_order":0,"comment_status":"closed","ping_status":"closed","template":"","meta":{"footnotes":""},"class_list":["post-56","page","type-page","status-publish","hentry"],"_links":{"self":[{"href":"https:\/\/ingeniuscuba.com\/index.php?rest_route=\/wp\/v2\/pages\/56","targetHints":{"allow":["GET"]}}],"collection":[{"href":"https:\/\/ingeniuscuba.com\/index.php?rest_route=\/wp\/v2\/pages"}],"about":[{"href":"https:\/\/ingeniuscuba.com\/index.php?rest_route=\/wp\/v2\/types\/page"}],"author":[{"embeddable":true,"href":"https:\/\/ingeniuscuba.com\/index.php?rest_route=\/wp\/v2\/users\/1"}],"replies":[{"embeddable":true,"href":"https:\/\/ingeniuscuba.com\/index.php?rest_route=%2Fwp%2Fv2%2Fcomments&post=56"}],"version-history":[{"count":3,"href":"https:\/\/ingeniuscuba.com\/index.php?rest_route=\/wp\/v2\/pages\/56\/revisions"}],"predecessor-version":[{"id":77,"href":"https:\/\/ingeniuscuba.com\/index.php?rest_route=\/wp\/v2\/pages\/56\/revisions\/77"}],"wp:attachment":[{"href":"https:\/\/ingeniuscuba.com\/index.php?rest_route=%2Fwp%2Fv2%2Fmedia&parent=56"}],"curies":[{"name":"wp","href":"https:\/\/api.w.org\/{rel}","templated":true}]}}